{"id":104,"date":"2024-08-18T19:34:45","date_gmt":"2024-08-18T19:34:45","guid":{"rendered":"http:\/\/kirikocho.com\/?page_id=104"},"modified":"2024-08-19T07:17:05","modified_gmt":"2024-08-19T07:17:05","slug":"contacto","status":"publish","type":"page","link":"https:\/\/kirikocho.com\/index.php\/contacto\/","title":{"rendered":"CONTACTO"},"content":{"rendered":"\t\t<div data-elementor-type=\"wp-page\" data-elementor-id=\"104\" class=\"elementor elementor-104\">\n\t\t\t\t<div class=\"elementor-element elementor-element-3228e27 e-flex e-con-boxed e-con e-parent\" data-id=\"3228e27\" data-element_type=\"container\" data-e-type=\"container\">\n\t\t\t\t\t<div class=\"e-con-inner\">\n\t\t\t\t<div class=\"elementor-element elementor-element-2f2cbcf elementor-widget elementor-widget-heading\" data-id=\"2f2cbcf\" data-element_type=\"widget\" data-e-type=\"widget\" data-widget_type=\"heading.default\">\n\t\t\t\t<div class=\"elementor-widget-container\">\n\t\t\t\t\t<h2 class=\"elementor-heading-title elementor-size-default\">Contacta con nosotros<\/h2>\t\t\t\t<\/div>\n\t\t\t\t<\/div>\n\t\t\t\t<div class=\"elementor-element elementor-element-1561ce7 elementor-widget elementor-widget-text-editor\" data-id=\"1561ce7\" data-element_type=\"widget\" data-e-type=\"widget\" data-widget_type=\"text-editor.default\">\n\t\t\t\t<div class=\"elementor-widget-container\">\n\t\t\t\t\t\t\t\t\t<p>No dudes en enviarnos cualquier comentario, propuesta o reporte de problemas a nuestro correo electr\u00f3nico.<\/p><p>Tu opini\u00f3n es clave para mejorar continuamente y ofrecer una experiencia cada vez mejor a todos nuestros usuarios. \u00a1Te agradecemos de antemano!<\/p>\t\t\t\t\t\t\t\t<\/div>\n\t\t\t\t<\/div>\n\t\t\t\t\t<\/div>\n\t\t\t\t<\/div>\n\t\t\t\t<section class=\"elementor-section elementor-top-section elementor-element elementor-element-s22heno elementor-section-content-middle elementor-section-boxed elementor-section-height-default elementor-section-height-default\" data-id=\"s22heno\" data-element_type=\"section\" data-e-type=\"section\" data-settings=\"{&quot;background_background&quot;:&quot;classic&quot;}\">\n\t\t\t\t\t\t<div class=\"elementor-container elementor-column-gap-no\">\n\t\t\t\t\t<div class=\"elementor-column elementor-col-50 elementor-top-column elementor-element elementor-element-563c9af\" data-id=\"563c9af\" data-element_type=\"column\" data-e-type=\"column\">\n\t\t\t<div class=\"elementor-widget-wrap elementor-element-populated\">\n\t\t\t\t\t\t<div class=\"elementor-element elementor-element-b1349c5 elementor-vertical-align-top elementor-widget elementor-widget-image-box\" data-id=\"b1349c5\" data-element_type=\"widget\" data-e-type=\"widget\" data-widget_type=\"image-box.default\">\n\t\t\t\t<div class=\"elementor-widget-container\">\n\t\t\t\t\t<div class=\"elementor-image-box-wrapper\"><div class=\"elementor-image-box-content\"><h4 class=\"elementor-image-box-title\">Email<\/h4><p class=\"elementor-image-box-description\">kirikochoapp@gmail.com<\/p><\/div><\/div>\t\t\t\t<\/div>\n\t\t\t\t<\/div>\n\t\t\t\t<div class=\"elementor-element elementor-element-8791cce elementor-vertical-align-top elementor-widget elementor-widget-image-box\" data-id=\"8791cce\" data-element_type=\"widget\" data-e-type=\"widget\" data-widget_type=\"image-box.default\">\n\t\t\t\t<div class=\"elementor-widget-container\">\n\t\t\t\t\t<div class=\"elementor-image-box-wrapper\"><div class=\"elementor-image-box-content\"><h4 class=\"elementor-image-box-title\">Phone<\/h4><p class=\"elementor-image-box-description\">+34 695 669 073<\/p><\/div><\/div>\t\t\t\t<\/div>\n\t\t\t\t<\/div>\n\t\t\t\t\t<\/div>\n\t\t<\/div>\n\t\t\t\t<div class=\"elementor-column elementor-col-50 elementor-top-column elementor-element elementor-element-923d494\" data-id=\"923d494\" data-element_type=\"column\" data-e-type=\"column\" data-settings=\"{&quot;background_background&quot;:&quot;classic&quot;}\">\n\t\t\t<div class=\"elementor-widget-wrap elementor-element-populated\">\n\t\t\t\t\t\t<div class=\"elementor-element elementor-element-75babec elementor-widget elementor-widget-wpforms\" data-id=\"75babec\" data-element_type=\"widget\" data-e-type=\"widget\" data-widget_type=\"wpforms.default\">\n\t\t\t\t<div class=\"elementor-widget-container\">\n\t\t\t\t\t<div class=\"wpforms-container wpforms-container-full wpforms-render-modern\" id=\"wpforms-128\"><form id=\"wpforms-form-128\" class=\"wpforms-validate wpforms-form wpforms-ajax-form\" data-formid=\"128\" method=\"post\" enctype=\"multipart\/form-data\" action=\"\/index.php\/wp-json\/wp\/v2\/pages\/104\" data-token=\"f724c21eddd210b46a16352e18d7f718\" data-token-time=\"1776376302\"><noscript class=\"wpforms-error-noscript\">Por favor, activa JavaScript en tu navegador para completar este formulario.<\/noscript><div id=\"wpforms-error-noscript\" style=\"display: none;\">Por favor, activa JavaScript en tu navegador para completar este formulario.<\/div><div class=\"wpforms-field-container\">\t\t<div id=\"wpforms-128-field_4-container\"\n\t\t\tclass=\"wpforms-field wpforms-field-text\"\n\t\t\tdata-field-type=\"text\"\n\t\t\tdata-field-id=\"4\"\n\t\t\t>\n\t\t\t<label class=\"wpforms-field-label\" for=\"wpforms-128-field_4\" >mensaje Comentario Nombre<\/label>\n\t\t\t<input type=\"text\" id=\"wpforms-128-field_4\" class=\"wpforms-field-medium\" name=\"wpforms[fields][4]\" >\n\t\t<\/div>\n\t\t<div id=\"wpforms-128-field_1-container\" class=\"wpforms-field wpforms-field-name\" data-field-id=\"1\"><fieldset><legend class=\"wpforms-field-label\">Nombre <span class=\"wpforms-required-label\" aria-hidden=\"true\">*<\/span><\/legend><div class=\"wpforms-field-row wpforms-field-medium\"><div class=\"wpforms-field-row-block wpforms-first wpforms-one-half\"><input type=\"text\" id=\"wpforms-128-field_1\" class=\"wpforms-field-name-first wpforms-field-required\" name=\"wpforms[fields][1][first]\" aria-errormessage=\"wpforms-128-field_1-error\" required><label for=\"wpforms-128-field_1\" class=\"wpforms-field-sublabel after\">Nombre<\/label><\/div><div class=\"wpforms-field-row-block wpforms-one-half\"><input type=\"text\" id=\"wpforms-128-field_1-last\" class=\"wpforms-field-name-last wpforms-field-required\" name=\"wpforms[fields][1][last]\" aria-errormessage=\"wpforms-128-field_1-last-error\" required><label for=\"wpforms-128-field_1-last\" class=\"wpforms-field-sublabel after\">Apellidos<\/label><\/div><\/div><\/fieldset><\/div><div id=\"wpforms-128-field_2-container\" class=\"wpforms-field wpforms-field-email\" data-field-id=\"2\"><label class=\"wpforms-field-label\" for=\"wpforms-128-field_2\">Correo electr\u00f3nico <span class=\"wpforms-required-label\" aria-hidden=\"true\">*<\/span><\/label><input type=\"email\" id=\"wpforms-128-field_2\" class=\"wpforms-field-medium wpforms-field-required\" name=\"wpforms[fields][2]\" spellcheck=\"false\" aria-errormessage=\"wpforms-128-field_2-error\" required><\/div><div id=\"wpforms-128-field_3-container\" class=\"wpforms-field wpforms-field-textarea\" data-field-id=\"3\"><label class=\"wpforms-field-label\" for=\"wpforms-128-field_3\">Comentario o mensaje<\/label><textarea id=\"wpforms-128-field_3\" class=\"wpforms-field-medium\" name=\"wpforms[fields][3]\" aria-errormessage=\"wpforms-128-field_3-error\" ><\/textarea><\/div><script>\n\t\t\t\t( function() {\n\t\t\t\t\tconst style = document.createElement( 'style' );\n\t\t\t\t\tstyle.appendChild( document.createTextNode( '#wpforms-128-field_4-container { position: absolute !important; overflow: hidden !important; display: inline !important; height: 1px !important; width: 1px !important; z-index: -1000 !important; padding: 0 !important; } #wpforms-128-field_4-container input { visibility: hidden; } #wpforms-conversational-form-page #wpforms-128-field_4-container label { counter-increment: none; }' ) );\n\t\t\t\t\tdocument.head.appendChild( style );\n\t\t\t\t\tdocument.currentScript?.remove();\n\t\t\t\t} )();\n\t\t\t<\/script><\/div><!-- .wpforms-field-container --><div class=\"wpforms-submit-container\" ><input type=\"hidden\" name=\"wpforms[id]\" value=\"128\"><input type=\"hidden\" name=\"page_title\" value=\"\"><input type=\"hidden\" name=\"page_url\" value=\"https:\/\/kirikocho.com\/index.php\/wp-json\/wp\/v2\/pages\/104\"><input type=\"hidden\" name=\"url_referer\" value=\"\"><button type=\"submit\" name=\"wpforms[submit]\" id=\"wpforms-submit-128\" class=\"wpforms-submit\" data-alt-text=\"Enviando...\" data-submit-text=\"Enviar\" aria-live=\"assertive\" value=\"wpforms-submit\">Enviar<\/button><img decoding=\"async\" src=\"https:\/\/kirikocho.com\/wp-content\/plugins\/wpforms-lite\/assets\/images\/submit-spin.svg\" class=\"wpforms-submit-spinner\" style=\"display: none;\" width=\"26\" height=\"26\" alt=\"Cargando\"><\/div><\/form><\/div>  <!-- .wpforms-container -->\t\t\t\t<\/div>\n\t\t\t\t<\/div>\n\t\t\t\t\t<\/div>\n\t\t<\/div>\n\t\t\t\t\t<\/div>\n\t\t<\/section>\n\t\t\t\t<\/div>\n\t\t","protected":false},"excerpt":{"rendered":"<p>Contacta con nosotros No dudes en enviarnos cualquier comentario, propuesta o reporte de problemas a nuestro correo electr\u00f3nico. Tu opini\u00f3n es clave para mejorar continuamente y ofrecer una experiencia cada vez mejor a todos nuestros usuarios. \u00a1Te agradecemos de antemano! Email kirikochoapp@gmail.com Phone +34 695 669 073 Por favor, activa JavaScript en tu navegador para [&hellip;]<\/p>\n","protected":false},"author":1,"featured_media":63,"parent":0,"menu_order":0,"comment_status":"closed","ping_status":"closed","template":"elementor_theme","meta":{"iawp_total_views":74,"footnotes":""},"class_list":["post-104","page","type-page","status-publish","has-post-thumbnail","hentry"],"blocksy_meta":[],"yoast_head":"<!-- This site is optimized with the Yoast SEO plugin v27.4 - https:\/\/yoast.com\/product\/yoast-seo-wordpress\/ -->\n<title>CONTACTO - Kirikocho<\/title>\n<meta name=\"robots\" content=\"index, follow, max-snippet:-1, max-image-preview:large, max-video-preview:-1\" \/>\n<link rel=\"canonical\" href=\"https:\/\/kirikocho.com\/index.php\/contacto\/\" \/>\n<meta property=\"og:locale\" content=\"es_ES\" \/>\n<meta property=\"og:type\" content=\"article\" \/>\n<meta property=\"og:title\" content=\"CONTACTO - Kirikocho\" \/>\n<meta property=\"og:description\" content=\"Contacta con nosotros No dudes en enviarnos cualquier comentario, propuesta o reporte de problemas a nuestro correo electr\u00f3nico. Tu opini\u00f3n es clave para mejorar continuamente y ofrecer una experiencia cada vez mejor a todos nuestros usuarios. \u00a1Te agradecemos de antemano! Email kirikochoapp@gmail.com Phone +34 695 669 073 Por favor, activa JavaScript en tu navegador para [&hellip;]\" \/>\n<meta property=\"og:url\" content=\"https:\/\/kirikocho.com\/index.php\/contacto\/\" \/>\n<meta property=\"og:site_name\" content=\"Kirikocho\" \/>\n<meta property=\"article:modified_time\" content=\"2024-08-19T07:17:05+00:00\" \/>\n<meta property=\"og:image\" content=\"https:\/\/kirikocho.com\/wp-content\/uploads\/2024\/08\/Captura-de-pantalla-2024-08-18-194933.png\" \/>\n\t<meta property=\"og:image:width\" content=\"2545\" \/>\n\t<meta property=\"og:image:height\" content=\"1264\" \/>\n\t<meta property=\"og:image:type\" content=\"image\/png\" \/>\n<meta name=\"twitter:card\" content=\"summary_large_image\" \/>\n<script type=\"application\/ld+json\" class=\"yoast-schema-graph\">{\"@context\":\"https:\\\/\\\/schema.org\",\"@graph\":[{\"@type\":\"WebPage\",\"@id\":\"https:\\\/\\\/kirikocho.com\\\/index.php\\\/contacto\\\/\",\"url\":\"https:\\\/\\\/kirikocho.com\\\/index.php\\\/contacto\\\/\",\"name\":\"CONTACTO - Kirikocho\",\"isPartOf\":{\"@id\":\"https:\\\/\\\/kirikocho.com\\\/#website\"},\"primaryImageOfPage\":{\"@id\":\"https:\\\/\\\/kirikocho.com\\\/index.php\\\/contacto\\\/#primaryimage\"},\"image\":{\"@id\":\"https:\\\/\\\/kirikocho.com\\\/index.php\\\/contacto\\\/#primaryimage\"},\"thumbnailUrl\":\"https:\\\/\\\/kirikocho.com\\\/wp-content\\\/uploads\\\/2024\\\/08\\\/Captura-de-pantalla-2024-08-18-194933.png\",\"datePublished\":\"2024-08-18T19:34:45+00:00\",\"dateModified\":\"2024-08-19T07:17:05+00:00\",\"breadcrumb\":{\"@id\":\"https:\\\/\\\/kirikocho.com\\\/index.php\\\/contacto\\\/#breadcrumb\"},\"inLanguage\":\"es\",\"potentialAction\":[{\"@type\":\"ReadAction\",\"target\":[\"https:\\\/\\\/kirikocho.com\\\/index.php\\\/contacto\\\/\"]}]},{\"@type\":\"ImageObject\",\"inLanguage\":\"es\",\"@id\":\"https:\\\/\\\/kirikocho.com\\\/index.php\\\/contacto\\\/#primaryimage\",\"url\":\"https:\\\/\\\/kirikocho.com\\\/wp-content\\\/uploads\\\/2024\\\/08\\\/Captura-de-pantalla-2024-08-18-194933.png\",\"contentUrl\":\"https:\\\/\\\/kirikocho.com\\\/wp-content\\\/uploads\\\/2024\\\/08\\\/Captura-de-pantalla-2024-08-18-194933.png\",\"width\":2545,\"height\":1264},{\"@type\":\"BreadcrumbList\",\"@id\":\"https:\\\/\\\/kirikocho.com\\\/index.php\\\/contacto\\\/#breadcrumb\",\"itemListElement\":[{\"@type\":\"ListItem\",\"position\":1,\"name\":\"Portada\",\"item\":\"https:\\\/\\\/kirikocho.com\\\/\"},{\"@type\":\"ListItem\",\"position\":2,\"name\":\"CONTACTO\"}]},{\"@type\":\"WebSite\",\"@id\":\"https:\\\/\\\/kirikocho.com\\\/#website\",\"url\":\"https:\\\/\\\/kirikocho.com\\\/\",\"name\":\"Kirikocho\",\"description\":\"Kirikocho , la aplicaci\u00f3n definitiva de gesti\u00f3n de f\u00fatbol dise\u00f1ada para ayudarte a gestionar eficientemente las sesiones de entrenamiento y el rendimiento general de tu equipo. \u00a1Toma el control de tu equipo de f\u00fatbol como nunca antes con Kirikocho!\",\"publisher\":{\"@id\":\"https:\\\/\\\/kirikocho.com\\\/#organization\"},\"potentialAction\":[{\"@type\":\"SearchAction\",\"target\":{\"@type\":\"EntryPoint\",\"urlTemplate\":\"https:\\\/\\\/kirikocho.com\\\/?s={search_term_string}\"},\"query-input\":{\"@type\":\"PropertyValueSpecification\",\"valueRequired\":true,\"valueName\":\"search_term_string\"}}],\"inLanguage\":\"es\"},{\"@type\":\"Organization\",\"@id\":\"https:\\\/\\\/kirikocho.com\\\/#organization\",\"name\":\"Kirikocho\",\"url\":\"https:\\\/\\\/kirikocho.com\\\/\",\"logo\":{\"@type\":\"ImageObject\",\"inLanguage\":\"es\",\"@id\":\"https:\\\/\\\/kirikocho.com\\\/#\\\/schema\\\/logo\\\/image\\\/\",\"url\":\"https:\\\/\\\/kirikocho.com\\\/wp-content\\\/uploads\\\/2024\\\/08\\\/Logo.png\",\"contentUrl\":\"https:\\\/\\\/kirikocho.com\\\/wp-content\\\/uploads\\\/2024\\\/08\\\/Logo.png\",\"width\":800,\"height\":800,\"caption\":\"Kirikocho\"},\"image\":{\"@id\":\"https:\\\/\\\/kirikocho.com\\\/#\\\/schema\\\/logo\\\/image\\\/\"}}]}<\/script>\n<!-- \/ Yoast SEO plugin. -->","yoast_head_json":{"title":"CONTACTO - Kirikocho","robots":{"index":"index","follow":"follow","max-snippet":"max-snippet:-1","max-image-preview":"max-image-preview:large","max-video-preview":"max-video-preview:-1"},"canonical":"https:\/\/kirikocho.com\/index.php\/contacto\/","og_locale":"es_ES","og_type":"article","og_title":"CONTACTO - Kirikocho","og_description":"Contacta con nosotros No dudes en enviarnos cualquier comentario, propuesta o reporte de problemas a nuestro correo electr\u00f3nico. Tu opini\u00f3n es clave para mejorar continuamente y ofrecer una experiencia cada vez mejor a todos nuestros usuarios. \u00a1Te agradecemos de antemano! Email kirikochoapp@gmail.com Phone +34 695 669 073 Por favor, activa JavaScript en tu navegador para [&hellip;]","og_url":"https:\/\/kirikocho.com\/index.php\/contacto\/","og_site_name":"Kirikocho","article_modified_time":"2024-08-19T07:17:05+00:00","og_image":[{"width":2545,"height":1264,"url":"https:\/\/kirikocho.com\/wp-content\/uploads\/2024\/08\/Captura-de-pantalla-2024-08-18-194933.png","type":"image\/png"}],"twitter_card":"summary_large_image","schema":{"@context":"https:\/\/schema.org","@graph":[{"@type":"WebPage","@id":"https:\/\/kirikocho.com\/index.php\/contacto\/","url":"https:\/\/kirikocho.com\/index.php\/contacto\/","name":"CONTACTO - Kirikocho","isPartOf":{"@id":"https:\/\/kirikocho.com\/#website"},"primaryImageOfPage":{"@id":"https:\/\/kirikocho.com\/index.php\/contacto\/#primaryimage"},"image":{"@id":"https:\/\/kirikocho.com\/index.php\/contacto\/#primaryimage"},"thumbnailUrl":"https:\/\/kirikocho.com\/wp-content\/uploads\/2024\/08\/Captura-de-pantalla-2024-08-18-194933.png","datePublished":"2024-08-18T19:34:45+00:00","dateModified":"2024-08-19T07:17:05+00:00","breadcrumb":{"@id":"https:\/\/kirikocho.com\/index.php\/contacto\/#breadcrumb"},"inLanguage":"es","potentialAction":[{"@type":"ReadAction","target":["https:\/\/kirikocho.com\/index.php\/contacto\/"]}]},{"@type":"ImageObject","inLanguage":"es","@id":"https:\/\/kirikocho.com\/index.php\/contacto\/#primaryimage","url":"https:\/\/kirikocho.com\/wp-content\/uploads\/2024\/08\/Captura-de-pantalla-2024-08-18-194933.png","contentUrl":"https:\/\/kirikocho.com\/wp-content\/uploads\/2024\/08\/Captura-de-pantalla-2024-08-18-194933.png","width":2545,"height":1264},{"@type":"BreadcrumbList","@id":"https:\/\/kirikocho.com\/index.php\/contacto\/#breadcrumb","itemListElement":[{"@type":"ListItem","position":1,"name":"Portada","item":"https:\/\/kirikocho.com\/"},{"@type":"ListItem","position":2,"name":"CONTACTO"}]},{"@type":"WebSite","@id":"https:\/\/kirikocho.com\/#website","url":"https:\/\/kirikocho.com\/","name":"Kirikocho","description":"Kirikocho , la aplicaci\u00f3n definitiva de gesti\u00f3n de f\u00fatbol dise\u00f1ada para ayudarte a gestionar eficientemente las sesiones de entrenamiento y el rendimiento general de tu equipo. \u00a1Toma el control de tu equipo de f\u00fatbol como nunca antes con Kirikocho!","publisher":{"@id":"https:\/\/kirikocho.com\/#organization"},"potentialAction":[{"@type":"SearchAction","target":{"@type":"EntryPoint","urlTemplate":"https:\/\/kirikocho.com\/?s={search_term_string}"},"query-input":{"@type":"PropertyValueSpecification","valueRequired":true,"valueName":"search_term_string"}}],"inLanguage":"es"},{"@type":"Organization","@id":"https:\/\/kirikocho.com\/#organization","name":"Kirikocho","url":"https:\/\/kirikocho.com\/","logo":{"@type":"ImageObject","inLanguage":"es","@id":"https:\/\/kirikocho.com\/#\/schema\/logo\/image\/","url":"https:\/\/kirikocho.com\/wp-content\/uploads\/2024\/08\/Logo.png","contentUrl":"https:\/\/kirikocho.com\/wp-content\/uploads\/2024\/08\/Logo.png","width":800,"height":800,"caption":"Kirikocho"},"image":{"@id":"https:\/\/kirikocho.com\/#\/schema\/logo\/image\/"}}]}},"_links":{"self":[{"href":"https:\/\/kirikocho.com\/index.php\/wp-json\/wp\/v2\/pages\/104","targetHints":{"allow":["GET"]}}],"collection":[{"href":"https:\/\/kirikocho.com\/index.php\/wp-json\/wp\/v2\/pages"}],"about":[{"href":"https:\/\/kirikocho.com\/index.php\/wp-json\/wp\/v2\/types\/page"}],"author":[{"embeddable":true,"href":"https:\/\/kirikocho.com\/index.php\/wp-json\/wp\/v2\/users\/1"}],"replies":[{"embeddable":true,"href":"https:\/\/kirikocho.com\/index.php\/wp-json\/wp\/v2\/comments?post=104"}],"version-history":[{"count":13,"href":"https:\/\/kirikocho.com\/index.php\/wp-json\/wp\/v2\/pages\/104\/revisions"}],"predecessor-version":[{"id":138,"href":"https:\/\/kirikocho.com\/index.php\/wp-json\/wp\/v2\/pages\/104\/revisions\/138"}],"wp:featuredmedia":[{"embeddable":true,"href":"https:\/\/kirikocho.com\/index.php\/wp-json\/wp\/v2\/media\/63"}],"wp:attachment":[{"href":"https:\/\/kirikocho.com\/index.php\/wp-json\/wp\/v2\/media?parent=104"}],"curies":[{"name":"wp","href":"https:\/\/api.w.org\/{rel}","templated":true}]}}