{"id":146,"date":"2024-08-19T07:27:50","date_gmt":"2024-08-19T07:27:50","guid":{"rendered":"http:\/\/kirikocho.com\/?page_id=146"},"modified":"2025-02-09T19:50:13","modified_gmt":"2025-02-09T19:50:13","slug":"futuro-novedades","status":"publish","type":"page","link":"https:\/\/kirikocho.com\/index.php\/futuro-novedades\/","title":{"rendered":"FUTURO \/ NOVEDADES"},"content":{"rendered":"\t\t<div data-elementor-type=\"wp-page\" data-elementor-id=\"146\" class=\"elementor elementor-146\">\n\t\t\t\t<div class=\"elementor-element elementor-element-eaf617a e-flex e-con-boxed e-con e-parent\" data-id=\"eaf617a\" data-element_type=\"container\" data-e-type=\"container\" data-settings=\"{&quot;background_background&quot;:&quot;classic&quot;,&quot;shape_divider_bottom&quot;:&quot;pyramids&quot;}\">\n\t\t\t\t\t<div class=\"e-con-inner\">\n\t\t\t\t<div class=\"elementor-shape elementor-shape-bottom\" aria-hidden=\"true\" data-negative=\"false\">\n\t\t\t<svg xmlns=\"http:\/\/www.w3.org\/2000\/svg\" viewBox=\"0 0 1000 100\" preserveAspectRatio=\"none\">\n\t<path class=\"elementor-shape-fill\" d=\"M761.9,44.1L643.1,27.2L333.8,98L0,3.8V0l1000,0v3.9\"\/>\n<\/svg>\t\t<\/div>\n\t\t\t\t<div class=\"elementor-element elementor-element-778162d elementor-widget elementor-widget-heading\" data-id=\"778162d\" data-element_type=\"widget\" data-e-type=\"widget\" data-widget_type=\"heading.default\">\n\t\t\t\t<div class=\"elementor-widget-container\">\n\t\t\t\t\t<h2 class=\"elementor-heading-title elementor-size-default\">Futuro \/ Novedades<\/h2>\t\t\t\t<\/div>\n\t\t\t\t<\/div>\n\t\t\t\t\t<\/div>\n\t\t\t\t<\/div>\n\t\t<div class=\"elementor-element elementor-element-9784132 e-flex e-con-boxed e-con e-parent\" data-id=\"9784132\" data-element_type=\"container\" data-e-type=\"container\">\n\t\t\t\t\t<div class=\"e-con-inner\">\n\t\t\t\t<div class=\"elementor-element elementor-element-890e428 elementor-widget elementor-widget-heading\" data-id=\"890e428\" data-element_type=\"widget\" data-e-type=\"widget\" data-widget_type=\"heading.default\">\n\t\t\t\t<div class=\"elementor-widget-container\">\n\t\t\t\t\t<h3 class=\"elementor-heading-title elementor-size-default\">ACTUALIZACI\u00d3N 09\/02\/2025 [NEW]<\/h3>\t\t\t\t<\/div>\n\t\t\t\t<\/div>\n\t\t\t\t<div class=\"elementor-element elementor-element-e4edf9a elementor-widget elementor-widget-text-editor\" data-id=\"e4edf9a\" data-element_type=\"widget\" data-e-type=\"widget\" data-widget_type=\"text-editor.default\">\n\t\t\t\t<div class=\"elementor-widget-container\">\n\t\t\t\t\t\t\t\t\t<ul><li><a href=\"https:\/\/www.instagram.com\/p\/DF28FxJoTDI\/?img_index=1\">APRENDE A USAR LAS ANAL\u00cdTICAS (POST EXPLICATIVO)<\/a><\/li><\/ul><ul><li>En esta actualizaci\u00f3n y a petici\u00f3n de nuestros usuarios se ha a\u00f1adido la posibilidad de marcar el <strong>nivel de fatiga de los jugadores en partidos y entrenamientos<\/strong>, as\u00ed como anal\u00edticas para poder mantener el registro de estos.<\/li><\/ul><ul><li>A\u00f1adido un bot\u00f3n para acceder a las \u00faltimas novedades de la aplicaci\u00f3n.<\/li><\/ul><ul><li>Corregidos errores en la navegaci\u00f3n de la aplicaci\u00f3n que llevaban al perfil siempre.<\/li><\/ul><div>\u00a0<\/div>\t\t\t\t\t\t\t\t<\/div>\n\t\t\t\t<\/div>\n\t\t\t\t<div class=\"elementor-element elementor-element-7d77ae6 elementor-widget elementor-widget-heading\" data-id=\"7d77ae6\" data-element_type=\"widget\" data-e-type=\"widget\" data-widget_type=\"heading.default\">\n\t\t\t\t<div class=\"elementor-widget-container\">\n\t\t\t\t\t<h5 class=\"elementor-heading-title elementor-size-default\">\u00bfC\u00f3mo a\u00f1ado los datos de mis jugadores? \n\n\n<\/h5>\t\t\t\t<\/div>\n\t\t\t\t<\/div>\n\t\t\t\t<div class=\"elementor-element elementor-element-e8bd96f elementor-widget elementor-widget-text-editor\" data-id=\"e8bd96f\" data-element_type=\"widget\" data-e-type=\"widget\" data-widget_type=\"text-editor.default\">\n\t\t\t\t<div class=\"elementor-widget-container\">\n\t\t\t\t\t\t\t\t\t<ul><li>Accede a tu calendario.<\/li><li>Haz click en un evento o entrenamiento o genera uno nuevo arrastrando en el calendario las horas\u00a0<\/li><li>Presiona el bot\u00f3n de <strong>Marcar rendimiento y asistencia<\/strong><\/li><li>A\u00f1ade tu valoraci\u00f3n para cada uno de tus jugadores<\/li><\/ul>\t\t\t\t\t\t\t\t<\/div>\n\t\t\t\t<\/div>\n\t\t\t\t<div class=\"elementor-element elementor-element-033dc39 elementor-widget elementor-widget-heading\" data-id=\"033dc39\" data-element_type=\"widget\" data-e-type=\"widget\" data-widget_type=\"heading.default\">\n\t\t\t\t<div class=\"elementor-widget-container\">\n\t\t\t\t\t<h5 class=\"elementor-heading-title elementor-size-default\">\u00bfC\u00f3mo veo los datos de mis jugadores? <\/h5>\t\t\t\t<\/div>\n\t\t\t\t<\/div>\n\t\t\t\t<div class=\"elementor-element elementor-element-078605a elementor-widget elementor-widget-text-editor\" data-id=\"078605a\" data-element_type=\"widget\" data-e-type=\"widget\" data-widget_type=\"text-editor.default\">\n\t\t\t\t<div class=\"elementor-widget-container\">\n\t\t\t\t\t\t\t\t\t<ul><li>Dir\u00edgete a tu equipo y haz click en \u00e9l.<\/li><li>En cada jugador ver\u00e1s un bot\u00f3n con el s\u00edmbolo de un gr\u00e1fico.<\/li><li>Dentro elige el rango de fechas que quieres analizar para ese jugador.<\/li><\/ul>\t\t\t\t\t\t\t\t<\/div>\n\t\t\t\t<\/div>\n\t\t\t\t\t<\/div>\n\t\t\t\t<\/div>\n\t\t<div class=\"elementor-element elementor-element-2cb3359 e-flex e-con-boxed e-con e-parent\" data-id=\"2cb3359\" data-element_type=\"container\" data-e-type=\"container\">\n\t\t\t\t\t<div class=\"e-con-inner\">\n\t\t\t\t<div class=\"elementor-element elementor-element-b062132 elementor-widget elementor-widget-heading\" data-id=\"b062132\" data-element_type=\"widget\" data-e-type=\"widget\" data-widget_type=\"heading.default\">\n\t\t\t\t<div class=\"elementor-widget-container\">\n\t\t\t\t\t<h3 class=\"elementor-heading-title elementor-size-default\">Estado Actual de Kirikocho <\/h3>\t\t\t\t<\/div>\n\t\t\t\t<\/div>\n\t\t\t\t<div class=\"elementor-element elementor-element-6bce99e elementor-widget elementor-widget-text-editor\" data-id=\"6bce99e\" data-element_type=\"widget\" data-e-type=\"widget\" data-widget_type=\"text-editor.default\">\n\t\t\t\t<div class=\"elementor-widget-container\">\n\t\t\t\t\t\t\t\t\t<p>Estamos emocionados de compartir que Kirikocho est\u00e1 actualmente <strong>57%<\/strong> completada. Este porcentaje refleja el progreso general de la aplicaci\u00f3n, incluyendo las funcionalidades ya implementadas, as\u00ed como aquellas que est\u00e1n en desarrollo.<\/p><p>Nuestro equipo est\u00e1 trabajando arduamente para a\u00f1adir nuevas caracter\u00edsticas, mejorar la experiencia del usuario y solucionar cualquier problema que pueda surgir. A medida que seguimos avanzando, queremos que sepas que estamos comprometidos en ofrecerte la mejor herramienta posible para gestionar tus equipos de f\u00fatbol.<\/p><p>\u00a1Gracias por ser parte de este viaje con nosotros! Mantente atento a las pr\u00f3ximas actualizaciones y novedades.<\/p>\t\t\t\t\t\t\t\t<\/div>\n\t\t\t\t<\/div>\n\t\t\t\t\t<\/div>\n\t\t\t\t<\/div>\n\t\t<div class=\"elementor-element elementor-element-54b4ba6 e-flex e-con-boxed e-con e-parent\" data-id=\"54b4ba6\" data-element_type=\"container\" data-e-type=\"container\">\n\t\t\t\t\t<div class=\"e-con-inner\">\n\t\t\t\t<div class=\"elementor-element elementor-element-41e115f elementor-widget elementor-widget-progress\" data-id=\"41e115f\" data-element_type=\"widget\" data-e-type=\"widget\" data-widget_type=\"progress.default\">\n\t\t\t\t<div class=\"elementor-widget-container\">\n\t\t\t\t\t\t\t\t<span class=\"elementor-title\" id=\"elementor-progress-bar-41e115f\">\n\t\t\t\tProgreso de la APP\t\t\t<\/span>\n\t\t\n\t\t<div aria-labelledby=\"elementor-progress-bar-41e115f\" class=\"elementor-progress-wrapper\" role=\"progressbar\" aria-valuemin=\"0\" aria-valuemax=\"100\" aria-valuenow=\"57\" aria-valuetext=\"57% (Completado)\">\n\t\t\t<div class=\"elementor-progress-bar\" data-max=\"57\">\n\t\t\t\t<span class=\"elementor-progress-text\">Completado<\/span>\n\t\t\t\t\t\t\t\t\t<span class=\"elementor-progress-percentage\">57%<\/span>\n\t\t\t\t\t\t\t<\/div>\n\t\t<\/div>\n\t\t\t\t\t\t<\/div>\n\t\t\t\t<\/div>\n\t\t\t\t<div class=\"elementor-element elementor-element-e9558fd elementor-widget-divider--view-line elementor-widget elementor-widget-divider\" data-id=\"e9558fd\" data-element_type=\"widget\" data-e-type=\"widget\" data-widget_type=\"divider.default\">\n\t\t\t\t<div class=\"elementor-widget-container\">\n\t\t\t\t\t\t\t<div class=\"elementor-divider\">\n\t\t\t<span class=\"elementor-divider-separator\">\n\t\t\t\t\t\t<\/span>\n\t\t<\/div>\n\t\t\t\t\t\t<\/div>\n\t\t\t\t<\/div>\n\t\t\t\t<div class=\"elementor-element elementor-element-c2312c9 elementor-widget elementor-widget-heading\" data-id=\"c2312c9\" data-element_type=\"widget\" data-e-type=\"widget\" data-widget_type=\"heading.default\">\n\t\t\t\t<div class=\"elementor-widget-container\">\n\t\t\t\t\t<h3 class=\"elementor-heading-title elementor-size-default\">Road Map Kirikocho 2024<\/h3>\t\t\t\t<\/div>\n\t\t\t\t<\/div>\n\t\t\t\t<div class=\"elementor-element elementor-element-9c84350 elementor-tabs-view-horizontal elementor-invisible elementor-widget elementor-widget-tabs\" data-id=\"9c84350\" data-element_type=\"widget\" data-e-type=\"widget\" data-settings=\"{&quot;_animation&quot;:&quot;fadeIn&quot;}\" data-widget_type=\"tabs.default\">\n\t\t\t\t<div class=\"elementor-widget-container\">\n\t\t\t\t\t\t\t<div class=\"elementor-tabs\">\n\t\t\t<div class=\"elementor-tabs-wrapper\" role=\"tablist\" >\n\t\t\t\t\t\t\t\t\t<div id=\"elementor-tab-title-1641\" class=\"elementor-tab-title elementor-tab-desktop-title\" aria-selected=\"true\" data-tab=\"1\" role=\"tab\" tabindex=\"0\" aria-controls=\"elementor-tab-content-1641\" aria-expanded=\"false\">DISPONIBLE EN LA APLICACI\u00d3N<\/div>\n\t\t\t\t\t\t\t\t\t<div id=\"elementor-tab-title-1642\" class=\"elementor-tab-title elementor-tab-desktop-title\" aria-selected=\"false\" data-tab=\"2\" role=\"tab\" tabindex=\"-1\" aria-controls=\"elementor-tab-content-1642\" aria-expanded=\"false\">EN PROCESO<\/div>\n\t\t\t\t\t\t\t\t\t<div id=\"elementor-tab-title-1643\" class=\"elementor-tab-title elementor-tab-desktop-title\" aria-selected=\"false\" data-tab=\"3\" role=\"tab\" tabindex=\"-1\" aria-controls=\"elementor-tab-content-1643\" aria-expanded=\"false\">PROXIMAMENTE<\/div>\n\t\t\t\t\t\t\t<\/div>\n\t\t\t<div class=\"elementor-tabs-content-wrapper\" role=\"tablist\" aria-orientation=\"vertical\">\n\t\t\t\t\t\t\t\t\t<div class=\"elementor-tab-title elementor-tab-mobile-title\" aria-selected=\"true\" data-tab=\"1\" role=\"tab\" tabindex=\"0\" aria-controls=\"elementor-tab-content-1641\" aria-expanded=\"false\">DISPONIBLE EN LA APLICACI\u00d3N<\/div>\n\t\t\t\t\t<div id=\"elementor-tab-content-1641\" class=\"elementor-tab-content elementor-clearfix\" data-tab=\"1\" role=\"tabpanel\" aria-labelledby=\"elementor-tab-title-1641\" tabindex=\"0\" hidden=\"false\"><ul><li>Creaci\u00f3n y edici\u00f3n de ejercicios\u00a0<\/li><li>Creaci\u00f3n y edici\u00f3n de entrenamientos<\/li><li>Creaci\u00f3n y edici\u00f3n de equipos con sus jugadores<\/li><li>Organizaci\u00f3n de eventos y entrenamientos en el calendario<\/li><li>Evaluaci\u00f3n de asistencia y rendimiento en partidos y entrenamientos de cada jugador individualmente<\/li><li>Anal\u00edticas de jugadores<\/li><\/ul><\/div>\n\t\t\t\t\t\t\t\t\t<div class=\"elementor-tab-title elementor-tab-mobile-title\" aria-selected=\"false\" data-tab=\"2\" role=\"tab\" tabindex=\"-1\" aria-controls=\"elementor-tab-content-1642\" aria-expanded=\"false\">EN PROCESO<\/div>\n\t\t\t\t\t<div id=\"elementor-tab-content-1642\" class=\"elementor-tab-content elementor-clearfix\" data-tab=\"2\" role=\"tabpanel\" aria-labelledby=\"elementor-tab-title-1642\" tabindex=\"0\" hidden=\"hidden\"><ul><li>Entrenamientos p\u00fablicos\u00a0<\/li><li>Visualizaci\u00f3n de estad\u00edsticas de jugadores y equipo<\/li><\/ul><\/div>\n\t\t\t\t\t\t\t\t\t<div class=\"elementor-tab-title elementor-tab-mobile-title\" aria-selected=\"false\" data-tab=\"3\" role=\"tab\" tabindex=\"-1\" aria-controls=\"elementor-tab-content-1643\" aria-expanded=\"false\">PROXIMAMENTE<\/div>\n\t\t\t\t\t<div id=\"elementor-tab-content-1643\" class=\"elementor-tab-content elementor-clearfix\" data-tab=\"3\" role=\"tabpanel\" aria-labelledby=\"elementor-tab-title-1643\" tabindex=\"0\" hidden=\"hidden\"><ul><li>M\u00e1s variedad de plantillas para crear tus entrenamientos<\/li><li>Bolsa de trabajo para entrenadores<\/li><li>Posibilidad de hacer tus entrenamientos p\u00fablicos\u00a0<\/li><li>Cursos programados de Kirikocho<\/li><\/ul><\/div>\n\t\t\t\t\t\t\t<\/div>\n\t\t<\/div>\n\t\t\t\t\t\t<\/div>\n\t\t\t\t<\/div>\n\t\t\t\t\t<\/div>\n\t\t\t\t<\/div>\n\t\t\t\t<\/div>\n\t\t","protected":false},"excerpt":{"rendered":"<p>Futuro \/ Novedades ACTUALIZACI\u00d3N 09\/02\/2025 [NEW] APRENDE A USAR LAS ANAL\u00cdTICAS (POST EXPLICATIVO) En esta actualizaci\u00f3n y a petici\u00f3n de nuestros usuarios se ha a\u00f1adido la posibilidad de marcar el nivel de fatiga de los jugadores en partidos y entrenamientos, as\u00ed como anal\u00edticas para poder mantener el registro de estos. A\u00f1adido un bot\u00f3n para acceder [&hellip;]<\/p>\n","protected":false},"author":1,"featured_media":10,"parent":0,"menu_order":0,"comment_status":"closed","ping_status":"closed","template":"elementor_theme","meta":{"iawp_total_views":116,"footnotes":""},"class_list":["post-146","page","type-page","status-publish","has-post-thumbnail","hentry"],"blocksy_meta":[],"yoast_head":"<!-- This site is optimized with the Yoast SEO plugin v27.4 - https:\/\/yoast.com\/product\/yoast-seo-wordpress\/ -->\n<title>FUTURO \/ NOVEDADES - Kirikocho<\/title>\n<meta name=\"robots\" content=\"index, follow, max-snippet:-1, max-image-preview:large, max-video-preview:-1\" \/>\n<link rel=\"canonical\" href=\"https:\/\/kirikocho.com\/index.php\/futuro-novedades\/\" \/>\n<meta property=\"og:locale\" content=\"es_ES\" \/>\n<meta property=\"og:type\" content=\"article\" \/>\n<meta property=\"og:title\" content=\"FUTURO \/ NOVEDADES - Kirikocho\" \/>\n<meta property=\"og:description\" content=\"Futuro \/ Novedades ACTUALIZACI\u00d3N 09\/02\/2025 [NEW] APRENDE A USAR LAS ANAL\u00cdTICAS (POST EXPLICATIVO) En esta actualizaci\u00f3n y a petici\u00f3n de nuestros usuarios se ha a\u00f1adido la posibilidad de marcar el nivel de fatiga de los jugadores en partidos y entrenamientos, as\u00ed como anal\u00edticas para poder mantener el registro de estos. A\u00f1adido un bot\u00f3n para acceder [&hellip;]\" \/>\n<meta property=\"og:url\" content=\"https:\/\/kirikocho.com\/index.php\/futuro-novedades\/\" \/>\n<meta property=\"og:site_name\" content=\"Kirikocho\" \/>\n<meta property=\"article:modified_time\" content=\"2025-02-09T19:50:13+00:00\" \/>\n<meta property=\"og:image\" content=\"https:\/\/kirikocho.com\/wp-content\/uploads\/2024\/08\/Logo.png\" \/>\n\t<meta property=\"og:image:width\" content=\"800\" \/>\n\t<meta property=\"og:image:height\" content=\"800\" \/>\n\t<meta property=\"og:image:type\" content=\"image\/png\" \/>\n<meta name=\"twitter:card\" content=\"summary_large_image\" \/>\n<meta name=\"twitter:label1\" content=\"Tiempo de lectura\" \/>\n\t<meta name=\"twitter:data1\" content=\"2 minutos\" \/>\n<script type=\"application\/ld+json\" class=\"yoast-schema-graph\">{\"@context\":\"https:\\\/\\\/schema.org\",\"@graph\":[{\"@type\":\"WebPage\",\"@id\":\"https:\\\/\\\/kirikocho.com\\\/index.php\\\/futuro-novedades\\\/\",\"url\":\"https:\\\/\\\/kirikocho.com\\\/index.php\\\/futuro-novedades\\\/\",\"name\":\"FUTURO \\\/ NOVEDADES - Kirikocho\",\"isPartOf\":{\"@id\":\"https:\\\/\\\/kirikocho.com\\\/#website\"},\"primaryImageOfPage\":{\"@id\":\"https:\\\/\\\/kirikocho.com\\\/index.php\\\/futuro-novedades\\\/#primaryimage\"},\"image\":{\"@id\":\"https:\\\/\\\/kirikocho.com\\\/index.php\\\/futuro-novedades\\\/#primaryimage\"},\"thumbnailUrl\":\"https:\\\/\\\/kirikocho.com\\\/wp-content\\\/uploads\\\/2024\\\/08\\\/Logo.png\",\"datePublished\":\"2024-08-19T07:27:50+00:00\",\"dateModified\":\"2025-02-09T19:50:13+00:00\",\"breadcrumb\":{\"@id\":\"https:\\\/\\\/kirikocho.com\\\/index.php\\\/futuro-novedades\\\/#breadcrumb\"},\"inLanguage\":\"es\",\"potentialAction\":[{\"@type\":\"ReadAction\",\"target\":[\"https:\\\/\\\/kirikocho.com\\\/index.php\\\/futuro-novedades\\\/\"]}]},{\"@type\":\"ImageObject\",\"inLanguage\":\"es\",\"@id\":\"https:\\\/\\\/kirikocho.com\\\/index.php\\\/futuro-novedades\\\/#primaryimage\",\"url\":\"https:\\\/\\\/kirikocho.com\\\/wp-content\\\/uploads\\\/2024\\\/08\\\/Logo.png\",\"contentUrl\":\"https:\\\/\\\/kirikocho.com\\\/wp-content\\\/uploads\\\/2024\\\/08\\\/Logo.png\",\"width\":800,\"height\":800,\"caption\":\"Kirikocho football logo\"},{\"@type\":\"BreadcrumbList\",\"@id\":\"https:\\\/\\\/kirikocho.com\\\/index.php\\\/futuro-novedades\\\/#breadcrumb\",\"itemListElement\":[{\"@type\":\"ListItem\",\"position\":1,\"name\":\"Portada\",\"item\":\"https:\\\/\\\/kirikocho.com\\\/\"},{\"@type\":\"ListItem\",\"position\":2,\"name\":\"FUTURO \\\/ NOVEDADES\"}]},{\"@type\":\"WebSite\",\"@id\":\"https:\\\/\\\/kirikocho.com\\\/#website\",\"url\":\"https:\\\/\\\/kirikocho.com\\\/\",\"name\":\"Kirikocho\",\"description\":\"Kirikocho , la aplicaci\u00f3n definitiva de gesti\u00f3n de f\u00fatbol dise\u00f1ada para ayudarte a gestionar eficientemente las sesiones de entrenamiento y el rendimiento general de tu equipo. \u00a1Toma el control de tu equipo de f\u00fatbol como nunca antes con Kirikocho!\",\"publisher\":{\"@id\":\"https:\\\/\\\/kirikocho.com\\\/#organization\"},\"potentialAction\":[{\"@type\":\"SearchAction\",\"target\":{\"@type\":\"EntryPoint\",\"urlTemplate\":\"https:\\\/\\\/kirikocho.com\\\/?s={search_term_string}\"},\"query-input\":{\"@type\":\"PropertyValueSpecification\",\"valueRequired\":true,\"valueName\":\"search_term_string\"}}],\"inLanguage\":\"es\"},{\"@type\":\"Organization\",\"@id\":\"https:\\\/\\\/kirikocho.com\\\/#organization\",\"name\":\"Kirikocho\",\"url\":\"https:\\\/\\\/kirikocho.com\\\/\",\"logo\":{\"@type\":\"ImageObject\",\"inLanguage\":\"es\",\"@id\":\"https:\\\/\\\/kirikocho.com\\\/#\\\/schema\\\/logo\\\/image\\\/\",\"url\":\"https:\\\/\\\/kirikocho.com\\\/wp-content\\\/uploads\\\/2024\\\/08\\\/Logo.png\",\"contentUrl\":\"https:\\\/\\\/kirikocho.com\\\/wp-content\\\/uploads\\\/2024\\\/08\\\/Logo.png\",\"width\":800,\"height\":800,\"caption\":\"Kirikocho\"},\"image\":{\"@id\":\"https:\\\/\\\/kirikocho.com\\\/#\\\/schema\\\/logo\\\/image\\\/\"}}]}<\/script>\n<!-- \/ Yoast SEO plugin. -->","yoast_head_json":{"title":"FUTURO \/ NOVEDADES - Kirikocho","robots":{"index":"index","follow":"follow","max-snippet":"max-snippet:-1","max-image-preview":"max-image-preview:large","max-video-preview":"max-video-preview:-1"},"canonical":"https:\/\/kirikocho.com\/index.php\/futuro-novedades\/","og_locale":"es_ES","og_type":"article","og_title":"FUTURO \/ NOVEDADES - Kirikocho","og_description":"Futuro \/ Novedades ACTUALIZACI\u00d3N 09\/02\/2025 [NEW] APRENDE A USAR LAS ANAL\u00cdTICAS (POST EXPLICATIVO) En esta actualizaci\u00f3n y a petici\u00f3n de nuestros usuarios se ha a\u00f1adido la posibilidad de marcar el nivel de fatiga de los jugadores en partidos y entrenamientos, as\u00ed como anal\u00edticas para poder mantener el registro de estos. A\u00f1adido un bot\u00f3n para acceder [&hellip;]","og_url":"https:\/\/kirikocho.com\/index.php\/futuro-novedades\/","og_site_name":"Kirikocho","article_modified_time":"2025-02-09T19:50:13+00:00","og_image":[{"width":800,"height":800,"url":"https:\/\/kirikocho.com\/wp-content\/uploads\/2024\/08\/Logo.png","type":"image\/png"}],"twitter_card":"summary_large_image","twitter_misc":{"Tiempo de lectura":"2 minutos"},"schema":{"@context":"https:\/\/schema.org","@graph":[{"@type":"WebPage","@id":"https:\/\/kirikocho.com\/index.php\/futuro-novedades\/","url":"https:\/\/kirikocho.com\/index.php\/futuro-novedades\/","name":"FUTURO \/ NOVEDADES - Kirikocho","isPartOf":{"@id":"https:\/\/kirikocho.com\/#website"},"primaryImageOfPage":{"@id":"https:\/\/kirikocho.com\/index.php\/futuro-novedades\/#primaryimage"},"image":{"@id":"https:\/\/kirikocho.com\/index.php\/futuro-novedades\/#primaryimage"},"thumbnailUrl":"https:\/\/kirikocho.com\/wp-content\/uploads\/2024\/08\/Logo.png","datePublished":"2024-08-19T07:27:50+00:00","dateModified":"2025-02-09T19:50:13+00:00","breadcrumb":{"@id":"https:\/\/kirikocho.com\/index.php\/futuro-novedades\/#breadcrumb"},"inLanguage":"es","potentialAction":[{"@type":"ReadAction","target":["https:\/\/kirikocho.com\/index.php\/futuro-novedades\/"]}]},{"@type":"ImageObject","inLanguage":"es","@id":"https:\/\/kirikocho.com\/index.php\/futuro-novedades\/#primaryimage","url":"https:\/\/kirikocho.com\/wp-content\/uploads\/2024\/08\/Logo.png","contentUrl":"https:\/\/kirikocho.com\/wp-content\/uploads\/2024\/08\/Logo.png","width":800,"height":800,"caption":"Kirikocho football logo"},{"@type":"BreadcrumbList","@id":"https:\/\/kirikocho.com\/index.php\/futuro-novedades\/#breadcrumb","itemListElement":[{"@type":"ListItem","position":1,"name":"Portada","item":"https:\/\/kirikocho.com\/"},{"@type":"ListItem","position":2,"name":"FUTURO \/ NOVEDADES"}]},{"@type":"WebSite","@id":"https:\/\/kirikocho.com\/#website","url":"https:\/\/kirikocho.com\/","name":"Kirikocho","description":"Kirikocho , la aplicaci\u00f3n definitiva de gesti\u00f3n de f\u00fatbol dise\u00f1ada para ayudarte a gestionar eficientemente las sesiones de entrenamiento y el rendimiento general de tu equipo. \u00a1Toma el control de tu equipo de f\u00fatbol como nunca antes con Kirikocho!","publisher":{"@id":"https:\/\/kirikocho.com\/#organization"},"potentialAction":[{"@type":"SearchAction","target":{"@type":"EntryPoint","urlTemplate":"https:\/\/kirikocho.com\/?s={search_term_string}"},"query-input":{"@type":"PropertyValueSpecification","valueRequired":true,"valueName":"search_term_string"}}],"inLanguage":"es"},{"@type":"Organization","@id":"https:\/\/kirikocho.com\/#organization","name":"Kirikocho","url":"https:\/\/kirikocho.com\/","logo":{"@type":"ImageObject","inLanguage":"es","@id":"https:\/\/kirikocho.com\/#\/schema\/logo\/image\/","url":"https:\/\/kirikocho.com\/wp-content\/uploads\/2024\/08\/Logo.png","contentUrl":"https:\/\/kirikocho.com\/wp-content\/uploads\/2024\/08\/Logo.png","width":800,"height":800,"caption":"Kirikocho"},"image":{"@id":"https:\/\/kirikocho.com\/#\/schema\/logo\/image\/"}}]}},"_links":{"self":[{"href":"https:\/\/kirikocho.com\/index.php\/wp-json\/wp\/v2\/pages\/146","targetHints":{"allow":["GET"]}}],"collection":[{"href":"https:\/\/kirikocho.com\/index.php\/wp-json\/wp\/v2\/pages"}],"about":[{"href":"https:\/\/kirikocho.com\/index.php\/wp-json\/wp\/v2\/types\/page"}],"author":[{"embeddable":true,"href":"https:\/\/kirikocho.com\/index.php\/wp-json\/wp\/v2\/users\/1"}],"replies":[{"embeddable":true,"href":"https:\/\/kirikocho.com\/index.php\/wp-json\/wp\/v2\/comments?post=146"}],"version-history":[{"count":71,"href":"https:\/\/kirikocho.com\/index.php\/wp-json\/wp\/v2\/pages\/146\/revisions"}],"predecessor-version":[{"id":387,"href":"https:\/\/kirikocho.com\/index.php\/wp-json\/wp\/v2\/pages\/146\/revisions\/387"}],"wp:featuredmedia":[{"embeddable":true,"href":"https:\/\/kirikocho.com\/index.php\/wp-json\/wp\/v2\/media\/10"}],"wp:attachment":[{"href":"https:\/\/kirikocho.com\/index.php\/wp-json\/wp\/v2\/media?parent=146"}],"curies":[{"name":"wp","href":"https:\/\/api.w.org\/{rel}","templated":true}]}}