{"id":331,"date":"2025-01-31T15:05:09","date_gmt":"2025-01-31T15:05:09","guid":{"rendered":"https:\/\/kirikocho.com\/?page_id=331"},"modified":"2025-01-31T15:23:07","modified_gmt":"2025-01-31T15:23:07","slug":"contact","status":"publish","type":"page","link":"https:\/\/kirikocho.com\/index.php\/en\/contact\/","title":{"rendered":"CONTACT US"},"content":{"rendered":"\t\t<div data-elementor-type=\"wp-page\" data-elementor-id=\"331\" class=\"elementor elementor-331\">\n\t\t\t\t<div class=\"elementor-element elementor-element-3228e27 e-flex e-con-boxed e-con e-parent\" data-id=\"3228e27\" data-element_type=\"container\" data-e-type=\"container\">\n\t\t\t\t\t<div class=\"e-con-inner\">\n\t\t\t\t<div class=\"elementor-element elementor-element-2f2cbcf elementor-widget elementor-widget-heading\" data-id=\"2f2cbcf\" data-element_type=\"widget\" data-e-type=\"widget\" data-widget_type=\"heading.default\">\n\t\t\t\t<div class=\"elementor-widget-container\">\n\t\t\t\t\t<h2 class=\"elementor-heading-title elementor-size-default\">Contact with us<\/h2>\t\t\t\t<\/div>\n\t\t\t\t<\/div>\n\t\t\t\t<div class=\"elementor-element elementor-element-1561ce7 elementor-widget elementor-widget-text-editor\" data-id=\"1561ce7\" data-element_type=\"widget\" data-e-type=\"widget\" data-widget_type=\"text-editor.default\">\n\t\t\t\t<div class=\"elementor-widget-container\">\n\t\t\t\t\t\t\t\t\t<div class=\"flex max-w-full flex-col flex-grow\"><div class=\"min-h-8 text-message flex w-full flex-col items-end gap-2 whitespace-normal break-words text-start [.text-message+&amp;]:mt-5\" dir=\"auto\" data-message-author-role=\"assistant\" data-message-id=\"f8e3191f-9c28-425c-8c3a-1c339f9196ca\" data-message-model-slug=\"gpt-4o\"><div class=\"flex w-full flex-col gap-1 empty:hidden first:pt-[3px]\"><div class=\"markdown prose w-full break-words dark:prose-invert light\"><p>Feel free to send us any comments, proposals, or problem reports to our email.<\/p><p>Your feedback is key to continuously improving and providing an even better experience for all our users. We appreciate it in advance!<\/p><\/div><\/div><\/div><\/div>\t\t\t\t\t\t\t\t<\/div>\n\t\t\t\t<\/div>\n\t\t\t\t\t<\/div>\n\t\t\t\t<\/div>\n\t\t\t\t<section class=\"elementor-section elementor-top-section elementor-element elementor-element-s22heno elementor-section-content-middle elementor-section-boxed elementor-section-height-default elementor-section-height-default\" data-id=\"s22heno\" data-element_type=\"section\" data-e-type=\"section\" data-settings=\"{&quot;background_background&quot;:&quot;classic&quot;}\">\n\t\t\t\t\t\t<div class=\"elementor-container elementor-column-gap-no\">\n\t\t\t\t\t<div class=\"elementor-column elementor-col-50 elementor-top-column elementor-element elementor-element-563c9af\" data-id=\"563c9af\" data-element_type=\"column\" data-e-type=\"column\">\n\t\t\t<div class=\"elementor-widget-wrap elementor-element-populated\">\n\t\t\t\t\t\t<div class=\"elementor-element elementor-element-b1349c5 elementor-vertical-align-top elementor-widget elementor-widget-image-box\" data-id=\"b1349c5\" data-element_type=\"widget\" data-e-type=\"widget\" data-widget_type=\"image-box.default\">\n\t\t\t\t<div class=\"elementor-widget-container\">\n\t\t\t\t\t<div class=\"elementor-image-box-wrapper\"><div class=\"elementor-image-box-content\"><h4 class=\"elementor-image-box-title\">Email<\/h4><p class=\"elementor-image-box-description\">kirikochoapp@gmail.com<\/p><\/div><\/div>\t\t\t\t<\/div>\n\t\t\t\t<\/div>\n\t\t\t\t<div class=\"elementor-element elementor-element-8791cce elementor-vertical-align-top elementor-widget elementor-widget-image-box\" data-id=\"8791cce\" data-element_type=\"widget\" data-e-type=\"widget\" data-widget_type=\"image-box.default\">\n\t\t\t\t<div class=\"elementor-widget-container\">\n\t\t\t\t\t<div class=\"elementor-image-box-wrapper\"><div class=\"elementor-image-box-content\"><h4 class=\"elementor-image-box-title\">Phone<\/h4><p class=\"elementor-image-box-description\">+34 695 669 073<\/p><\/div><\/div>\t\t\t\t<\/div>\n\t\t\t\t<\/div>\n\t\t\t\t\t<\/div>\n\t\t<\/div>\n\t\t\t\t<div class=\"elementor-column elementor-col-50 elementor-top-column elementor-element elementor-element-923d494\" data-id=\"923d494\" data-element_type=\"column\" data-e-type=\"column\" data-settings=\"{&quot;background_background&quot;:&quot;classic&quot;}\">\n\t\t\t<div class=\"elementor-widget-wrap elementor-element-populated\">\n\t\t\t\t\t\t<div class=\"elementor-element elementor-element-75babec elementor-widget elementor-widget-wpforms\" data-id=\"75babec\" data-element_type=\"widget\" data-e-type=\"widget\" data-widget_type=\"wpforms.default\">\n\t\t\t\t<div class=\"elementor-widget-container\">\n\t\t\t\t\t<div class=\"wpforms-container wpforms-container-full wpforms-render-modern\" id=\"wpforms-336\"><form id=\"wpforms-form-336\" class=\"wpforms-validate wpforms-form wpforms-ajax-form\" data-formid=\"336\" method=\"post\" enctype=\"multipart\/form-data\" action=\"\/index.php\/wp-json\/wp\/v2\/pages\/331\" data-token=\"56558754154372aabfe0b3d58fa1edad\" data-token-time=\"1776379463\"><noscript class=\"wpforms-error-noscript\">Por favor, activa JavaScript en tu navegador para completar este formulario.<\/noscript><div id=\"wpforms-error-noscript\" style=\"display: none;\">Por favor, activa JavaScript en tu navegador para completar este formulario.<\/div><div class=\"wpforms-field-container\">\t\t<div id=\"wpforms-336-field_4-container\"\n\t\t\tclass=\"wpforms-field wpforms-field-text\"\n\t\t\tdata-field-type=\"text\"\n\t\t\tdata-field-id=\"4\"\n\t\t\t>\n\t\t\t<label class=\"wpforms-field-label\" for=\"wpforms-336-field_4\" >Comment Email Name<\/label>\n\t\t\t<input type=\"text\" id=\"wpforms-336-field_4\" class=\"wpforms-field-medium\" name=\"wpforms[fields][4]\" >\n\t\t<\/div>\n\t\t<div id=\"wpforms-336-field_1-container\" class=\"wpforms-field wpforms-field-name\" data-field-id=\"1\"><label class=\"wpforms-field-label\" for=\"wpforms-336-field_1\">Name <span class=\"wpforms-required-label\" aria-hidden=\"true\">*<\/span><\/label><input type=\"text\" id=\"wpforms-336-field_1\" class=\"wpforms-field-medium wpforms-field-required\" name=\"wpforms[fields][1]\" aria-errormessage=\"wpforms-336-field_1-error\" required><\/div><div id=\"wpforms-336-field_2-container\" class=\"wpforms-field wpforms-field-email\" data-field-id=\"2\"><label class=\"wpforms-field-label\" for=\"wpforms-336-field_2\">Email <span class=\"wpforms-required-label\" aria-hidden=\"true\">*<\/span><\/label><input type=\"email\" id=\"wpforms-336-field_2\" class=\"wpforms-field-medium wpforms-field-required\" name=\"wpforms[fields][2]\" spellcheck=\"false\" aria-errormessage=\"wpforms-336-field_2-error\" required><\/div><div id=\"wpforms-336-field_3-container\" class=\"wpforms-field wpforms-field-textarea\" data-field-id=\"3\"><label class=\"wpforms-field-label\" for=\"wpforms-336-field_3\">Comment or message <span class=\"wpforms-required-label\" aria-hidden=\"true\">*<\/span><\/label><textarea id=\"wpforms-336-field_3\" class=\"wpforms-field-medium wpforms-field-required\" name=\"wpforms[fields][3]\" aria-errormessage=\"wpforms-336-field_3-error\" required><\/textarea><\/div><script>\n\t\t\t\t( function() {\n\t\t\t\t\tconst style = document.createElement( 'style' );\n\t\t\t\t\tstyle.appendChild( document.createTextNode( '#wpforms-336-field_4-container { position: absolute !important; overflow: hidden !important; display: inline !important; height: 1px !important; width: 1px !important; z-index: -1000 !important; padding: 0 !important; } #wpforms-336-field_4-container input { visibility: hidden; } #wpforms-conversational-form-page #wpforms-336-field_4-container label { counter-increment: none; }' ) );\n\t\t\t\t\tdocument.head.appendChild( style );\n\t\t\t\t\tdocument.currentScript?.remove();\n\t\t\t\t} )();\n\t\t\t<\/script><\/div><!-- .wpforms-field-container --><div class=\"wpforms-submit-container\" ><input type=\"hidden\" name=\"wpforms[id]\" value=\"336\"><input type=\"hidden\" name=\"page_title\" value=\"\"><input type=\"hidden\" name=\"page_url\" value=\"https:\/\/kirikocho.com\/index.php\/wp-json\/wp\/v2\/pages\/331\"><input type=\"hidden\" name=\"url_referer\" value=\"\"><button type=\"submit\" name=\"wpforms[submit]\" id=\"wpforms-submit-336\" class=\"wpforms-submit\" data-alt-text=\"Enviando...\" data-submit-text=\"Enviar\" aria-live=\"assertive\" value=\"wpforms-submit\">Enviar<\/button><img decoding=\"async\" src=\"https:\/\/kirikocho.com\/wp-content\/plugins\/wpforms-lite\/assets\/images\/submit-spin.svg\" class=\"wpforms-submit-spinner\" style=\"display: none;\" width=\"26\" height=\"26\" alt=\"Cargando\"><\/div><\/form><\/div>  <!-- .wpforms-container -->\t\t\t\t<\/div>\n\t\t\t\t<\/div>\n\t\t\t\t\t<\/div>\n\t\t<\/div>\n\t\t\t\t\t<\/div>\n\t\t<\/section>\n\t\t\t\t<\/div>\n\t\t","protected":false},"excerpt":{"rendered":"<p>Contact with us Feel free to send us any comments, proposals, or problem reports to our email. Your feedback is key to continuously improving and providing an even better experience for all our users. We appreciate it in advance! Email kirikochoapp@gmail.com Phone +34 695 669 073 Por favor, activa JavaScript en tu navegador para completar [&hellip;]<\/p>\n","protected":false},"author":1,"featured_media":63,"parent":0,"menu_order":0,"comment_status":"closed","ping_status":"closed","template":"elementor_theme","meta":{"iawp_total_views":48,"footnotes":""},"class_list":["post-331","page","type-page","status-publish","has-post-thumbnail","hentry"],"blocksy_meta":[],"yoast_head":"<!-- This site is optimized with the Yoast SEO plugin v27.4 - https:\/\/yoast.com\/product\/yoast-seo-wordpress\/ -->\n<title>CONTACT US - Kirikocho<\/title>\n<meta name=\"robots\" content=\"index, follow, max-snippet:-1, max-image-preview:large, max-video-preview:-1\" \/>\n<link rel=\"canonical\" href=\"https:\/\/kirikocho.com\/index.php\/en\/contact\/\" \/>\n<meta property=\"og:locale\" content=\"es_ES\" \/>\n<meta property=\"og:type\" content=\"article\" \/>\n<meta property=\"og:title\" content=\"CONTACT US - Kirikocho\" \/>\n<meta property=\"og:description\" content=\"Contact with us Feel free to send us any comments, proposals, or problem reports to our email. Your feedback is key to continuously improving and providing an even better experience for all our users. We appreciate it in advance! Email kirikochoapp@gmail.com Phone +34 695 669 073 Por favor, activa JavaScript en tu navegador para completar [&hellip;]\" \/>\n<meta property=\"og:url\" content=\"https:\/\/kirikocho.com\/index.php\/en\/contact\/\" \/>\n<meta property=\"og:site_name\" content=\"Kirikocho\" \/>\n<meta property=\"article:modified_time\" content=\"2025-01-31T15:23:07+00:00\" \/>\n<meta property=\"og:image\" content=\"https:\/\/kirikocho.com\/wp-content\/uploads\/2024\/08\/Captura-de-pantalla-2024-08-18-194933.png\" \/>\n\t<meta property=\"og:image:width\" content=\"2545\" \/>\n\t<meta property=\"og:image:height\" content=\"1264\" \/>\n\t<meta property=\"og:image:type\" content=\"image\/png\" \/>\n<meta name=\"twitter:card\" content=\"summary_large_image\" \/>\n<meta name=\"twitter:label1\" content=\"Tiempo de lectura\" \/>\n\t<meta name=\"twitter:data1\" content=\"1 minuto\" \/>\n<script type=\"application\/ld+json\" class=\"yoast-schema-graph\">{\"@context\":\"https:\\\/\\\/schema.org\",\"@graph\":[{\"@type\":\"WebPage\",\"@id\":\"https:\\\/\\\/kirikocho.com\\\/index.php\\\/en\\\/contact\\\/\",\"url\":\"https:\\\/\\\/kirikocho.com\\\/index.php\\\/en\\\/contact\\\/\",\"name\":\"CONTACT US - Kirikocho\",\"isPartOf\":{\"@id\":\"https:\\\/\\\/kirikocho.com\\\/#website\"},\"primaryImageOfPage\":{\"@id\":\"https:\\\/\\\/kirikocho.com\\\/index.php\\\/en\\\/contact\\\/#primaryimage\"},\"image\":{\"@id\":\"https:\\\/\\\/kirikocho.com\\\/index.php\\\/en\\\/contact\\\/#primaryimage\"},\"thumbnailUrl\":\"https:\\\/\\\/kirikocho.com\\\/wp-content\\\/uploads\\\/2024\\\/08\\\/Captura-de-pantalla-2024-08-18-194933.png\",\"datePublished\":\"2025-01-31T15:05:09+00:00\",\"dateModified\":\"2025-01-31T15:23:07+00:00\",\"breadcrumb\":{\"@id\":\"https:\\\/\\\/kirikocho.com\\\/index.php\\\/en\\\/contact\\\/#breadcrumb\"},\"inLanguage\":\"es\",\"potentialAction\":[{\"@type\":\"ReadAction\",\"target\":[\"https:\\\/\\\/kirikocho.com\\\/index.php\\\/en\\\/contact\\\/\"]}]},{\"@type\":\"ImageObject\",\"inLanguage\":\"es\",\"@id\":\"https:\\\/\\\/kirikocho.com\\\/index.php\\\/en\\\/contact\\\/#primaryimage\",\"url\":\"https:\\\/\\\/kirikocho.com\\\/wp-content\\\/uploads\\\/2024\\\/08\\\/Captura-de-pantalla-2024-08-18-194933.png\",\"contentUrl\":\"https:\\\/\\\/kirikocho.com\\\/wp-content\\\/uploads\\\/2024\\\/08\\\/Captura-de-pantalla-2024-08-18-194933.png\",\"width\":2545,\"height\":1264},{\"@type\":\"BreadcrumbList\",\"@id\":\"https:\\\/\\\/kirikocho.com\\\/index.php\\\/en\\\/contact\\\/#breadcrumb\",\"itemListElement\":[{\"@type\":\"ListItem\",\"position\":1,\"name\":\"Portada\",\"item\":\"https:\\\/\\\/kirikocho.com\\\/\"},{\"@type\":\"ListItem\",\"position\":2,\"name\":\"CONTACT US\"}]},{\"@type\":\"WebSite\",\"@id\":\"https:\\\/\\\/kirikocho.com\\\/#website\",\"url\":\"https:\\\/\\\/kirikocho.com\\\/\",\"name\":\"Kirikocho\",\"description\":\"Kirikocho , la aplicaci\u00f3n definitiva de gesti\u00f3n de f\u00fatbol dise\u00f1ada para ayudarte a gestionar eficientemente las sesiones de entrenamiento y el rendimiento general de tu equipo. \u00a1Toma el control de tu equipo de f\u00fatbol como nunca antes con Kirikocho!\",\"publisher\":{\"@id\":\"https:\\\/\\\/kirikocho.com\\\/#organization\"},\"potentialAction\":[{\"@type\":\"SearchAction\",\"target\":{\"@type\":\"EntryPoint\",\"urlTemplate\":\"https:\\\/\\\/kirikocho.com\\\/?s={search_term_string}\"},\"query-input\":{\"@type\":\"PropertyValueSpecification\",\"valueRequired\":true,\"valueName\":\"search_term_string\"}}],\"inLanguage\":\"es\"},{\"@type\":\"Organization\",\"@id\":\"https:\\\/\\\/kirikocho.com\\\/#organization\",\"name\":\"Kirikocho\",\"url\":\"https:\\\/\\\/kirikocho.com\\\/\",\"logo\":{\"@type\":\"ImageObject\",\"inLanguage\":\"es\",\"@id\":\"https:\\\/\\\/kirikocho.com\\\/#\\\/schema\\\/logo\\\/image\\\/\",\"url\":\"https:\\\/\\\/kirikocho.com\\\/wp-content\\\/uploads\\\/2024\\\/08\\\/Logo.png\",\"contentUrl\":\"https:\\\/\\\/kirikocho.com\\\/wp-content\\\/uploads\\\/2024\\\/08\\\/Logo.png\",\"width\":800,\"height\":800,\"caption\":\"Kirikocho\"},\"image\":{\"@id\":\"https:\\\/\\\/kirikocho.com\\\/#\\\/schema\\\/logo\\\/image\\\/\"}}]}<\/script>\n<!-- \/ Yoast SEO plugin. -->","yoast_head_json":{"title":"CONTACT US - Kirikocho","robots":{"index":"index","follow":"follow","max-snippet":"max-snippet:-1","max-image-preview":"max-image-preview:large","max-video-preview":"max-video-preview:-1"},"canonical":"https:\/\/kirikocho.com\/index.php\/en\/contact\/","og_locale":"es_ES","og_type":"article","og_title":"CONTACT US - Kirikocho","og_description":"Contact with us Feel free to send us any comments, proposals, or problem reports to our email. Your feedback is key to continuously improving and providing an even better experience for all our users. We appreciate it in advance! Email kirikochoapp@gmail.com Phone +34 695 669 073 Por favor, activa JavaScript en tu navegador para completar [&hellip;]","og_url":"https:\/\/kirikocho.com\/index.php\/en\/contact\/","og_site_name":"Kirikocho","article_modified_time":"2025-01-31T15:23:07+00:00","og_image":[{"width":2545,"height":1264,"url":"https:\/\/kirikocho.com\/wp-content\/uploads\/2024\/08\/Captura-de-pantalla-2024-08-18-194933.png","type":"image\/png"}],"twitter_card":"summary_large_image","twitter_misc":{"Tiempo de lectura":"1 minuto"},"schema":{"@context":"https:\/\/schema.org","@graph":[{"@type":"WebPage","@id":"https:\/\/kirikocho.com\/index.php\/en\/contact\/","url":"https:\/\/kirikocho.com\/index.php\/en\/contact\/","name":"CONTACT US - Kirikocho","isPartOf":{"@id":"https:\/\/kirikocho.com\/#website"},"primaryImageOfPage":{"@id":"https:\/\/kirikocho.com\/index.php\/en\/contact\/#primaryimage"},"image":{"@id":"https:\/\/kirikocho.com\/index.php\/en\/contact\/#primaryimage"},"thumbnailUrl":"https:\/\/kirikocho.com\/wp-content\/uploads\/2024\/08\/Captura-de-pantalla-2024-08-18-194933.png","datePublished":"2025-01-31T15:05:09+00:00","dateModified":"2025-01-31T15:23:07+00:00","breadcrumb":{"@id":"https:\/\/kirikocho.com\/index.php\/en\/contact\/#breadcrumb"},"inLanguage":"es","potentialAction":[{"@type":"ReadAction","target":["https:\/\/kirikocho.com\/index.php\/en\/contact\/"]}]},{"@type":"ImageObject","inLanguage":"es","@id":"https:\/\/kirikocho.com\/index.php\/en\/contact\/#primaryimage","url":"https:\/\/kirikocho.com\/wp-content\/uploads\/2024\/08\/Captura-de-pantalla-2024-08-18-194933.png","contentUrl":"https:\/\/kirikocho.com\/wp-content\/uploads\/2024\/08\/Captura-de-pantalla-2024-08-18-194933.png","width":2545,"height":1264},{"@type":"BreadcrumbList","@id":"https:\/\/kirikocho.com\/index.php\/en\/contact\/#breadcrumb","itemListElement":[{"@type":"ListItem","position":1,"name":"Portada","item":"https:\/\/kirikocho.com\/"},{"@type":"ListItem","position":2,"name":"CONTACT US"}]},{"@type":"WebSite","@id":"https:\/\/kirikocho.com\/#website","url":"https:\/\/kirikocho.com\/","name":"Kirikocho","description":"Kirikocho , la aplicaci\u00f3n definitiva de gesti\u00f3n de f\u00fatbol dise\u00f1ada para ayudarte a gestionar eficientemente las sesiones de entrenamiento y el rendimiento general de tu equipo. \u00a1Toma el control de tu equipo de f\u00fatbol como nunca antes con Kirikocho!","publisher":{"@id":"https:\/\/kirikocho.com\/#organization"},"potentialAction":[{"@type":"SearchAction","target":{"@type":"EntryPoint","urlTemplate":"https:\/\/kirikocho.com\/?s={search_term_string}"},"query-input":{"@type":"PropertyValueSpecification","valueRequired":true,"valueName":"search_term_string"}}],"inLanguage":"es"},{"@type":"Organization","@id":"https:\/\/kirikocho.com\/#organization","name":"Kirikocho","url":"https:\/\/kirikocho.com\/","logo":{"@type":"ImageObject","inLanguage":"es","@id":"https:\/\/kirikocho.com\/#\/schema\/logo\/image\/","url":"https:\/\/kirikocho.com\/wp-content\/uploads\/2024\/08\/Logo.png","contentUrl":"https:\/\/kirikocho.com\/wp-content\/uploads\/2024\/08\/Logo.png","width":800,"height":800,"caption":"Kirikocho"},"image":{"@id":"https:\/\/kirikocho.com\/#\/schema\/logo\/image\/"}}]}},"_links":{"self":[{"href":"https:\/\/kirikocho.com\/index.php\/wp-json\/wp\/v2\/pages\/331","targetHints":{"allow":["GET"]}}],"collection":[{"href":"https:\/\/kirikocho.com\/index.php\/wp-json\/wp\/v2\/pages"}],"about":[{"href":"https:\/\/kirikocho.com\/index.php\/wp-json\/wp\/v2\/types\/page"}],"author":[{"embeddable":true,"href":"https:\/\/kirikocho.com\/index.php\/wp-json\/wp\/v2\/users\/1"}],"replies":[{"embeddable":true,"href":"https:\/\/kirikocho.com\/index.php\/wp-json\/wp\/v2\/comments?post=331"}],"version-history":[{"count":8,"href":"https:\/\/kirikocho.com\/index.php\/wp-json\/wp\/v2\/pages\/331\/revisions"}],"predecessor-version":[{"id":351,"href":"https:\/\/kirikocho.com\/index.php\/wp-json\/wp\/v2\/pages\/331\/revisions\/351"}],"wp:featuredmedia":[{"embeddable":true,"href":"https:\/\/kirikocho.com\/index.php\/wp-json\/wp\/v2\/media\/63"}],"wp:attachment":[{"href":"https:\/\/kirikocho.com\/index.php\/wp-json\/wp\/v2\/media?parent=331"}],"curies":[{"name":"wp","href":"https:\/\/api.w.org\/{rel}","templated":true}]}}